{"id":2536,"date":"2023-08-13T12:49:51","date_gmt":"2023-08-13T10:49:51","guid":{"rendered":"https:\/\/kuiper-lisbonne.com\/?page_id=2536"},"modified":"2023-08-13T12:49:53","modified_gmt":"2023-08-13T10:49:53","slug":"politique-de-confidentialite-2","status":"publish","type":"page","link":"https:\/\/kuiper-lisbonne.com\/de\/politique-de-confidentialite-2\/","title":{"rendered":"Datenschutzrichtlinie"},"content":{"rendered":"<p><\/p>\n\n\n\n<p>Vielen Dank f\u00fcr den Besuch der Website www.kuiper-lisbonne.com und die Kenntnisnahme ihrer Datenschutzrichtlinie (im Folgenden die Richtlinie).\u00a0<\/p>\n\n\n\n<p>Durch das Surfen auf unserer Website best\u00e4tigen Sie, dass Sie diese Richtlinie gelesen und verstanden haben, und erkl\u00e4ren sich damit einverstanden, dass Ihre pers\u00f6nlichen Daten und Informationen gegebenenfalls in \u00dcbereinstimmung mit dieser Richtlinie verarbeitet werden. \u00a0<\/p>\n\n\n\n<ol class=\"wp-block-list\">\n<li><strong>Inkrafttreten&nbsp;<\/strong><\/li>\n<\/ol>\n\n\n\n<p>Diese Richtlinie gilt ab dem 13.08.2023.\u00a0<\/p>\n\n\n\n<p>Diese Richtlinie ersetzt die Datenschutzrichtlinie vom 13.08.2023.<\/p>\n\n\n\n<p>Wir bevorzugen die Einholung einer ausdr\u00fccklichen Zustimmung, sei es m\u00fcndlich, elektronisch oder schriftlich. Eine implizite Zustimmung kann jedoch vern\u00fcnftigerweise aus der Handlung oder Unt\u00e4tigkeit einer Person abgeleitet werden. Beispielsweise gilt die Angabe eines Namens und einer Adresse, um eine Ver\u00f6ffentlichung zu erhalten, oder eines Namens und einer Telefonnummer, um eine Antwort auf eine Frage zu erhalten, als stillschweigende Zustimmung zur Sammlung von Informationen, die personenbezogene Daten enthalten. Bei der Bestimmung der angemessenen Art der Zustimmung ber\u00fccksichtigen wir die Sensibilit\u00e4t der betreffenden pers\u00f6nlichen Informationen, den Zweck, zu dem sie gesammelt werden, und die angemessenen Erwartungen einer Person in einer \u00e4hnlichen Situation.&nbsp;<\/p>\n\n\n\n<p>Wenn wir die pers\u00f6nlichen Informationen f\u00fcr einen neuen Zweck verwenden wollen, werden wir die geplante Verwendung beschreiben und erneut um Zustimmung bitten.<\/p>\n\n\n\n<p>Es ist nicht immer m\u00f6glich, insbesondere im Rahmen einer staatlichen Anfrage, die Zustimmung einer Person zur Sammlung, Verwendung oder Weitergabe ihrer pers\u00f6nlichen Informationen einzuholen. Wir verpflichten uns, derartige Informationen niemals anders als in \u00dcbereinstimmung mit dieser Richtlinie weiterzugeben, es sei denn, wir sind gesetzlich dazu verpflichtet oder dazu berechtigt.&nbsp;<\/p>\n\n\n\n<ol class=\"wp-block-list\">\n<li><strong>Ziele der Datenerhebung <\/strong>&nbsp;<\/li>\n<\/ol>\n\n\n\n<p>Die gesammelten Informationen werden in \u00dcbereinstimmung mit den in dieser Datenschutzrichtlinie festgelegten Zwecken und Zielen gesammelt. Ihre Zwecke bestehen lediglich darin, die Anzahl der Besucher zu ermitteln. <\/p>\n\n\n\n<p>Hier sind einige der Gr\u00fcnde, warum wir Ihre pers\u00f6nlichen Informationen sammeln:<\/p>\n\n\n\n<ul class=\"wp-block-list\">\n<li><strong>Um unser Publikum besser zu verstehen und unsere Artikel zu verbessern <\/strong>Die Daten, die w\u00e4hrend Ihrer Interaktionen mit unseren Artikeln gesammelt werden, k\u00f6nnen dazu verwendet werden, um herauszufinden, wie lange Besucher auf dem Blog bleiben, aus welchen L\u00e4ndern und St\u00e4dten die Besucher kommen und wie alt sie sind.\u00a0<\/li>\n\n\n\n<li><strong>Wir sch\u00fctzen die Privatsph\u00e4re unserer Nutzer.<\/strong> Auf unserer Website bitten wir Sie nicht um die Angabe pers\u00f6nlicher Informationen, so dass wir unter keinen Umst\u00e4nden Ihre pers\u00f6nlichen Daten sammeln k\u00f6nnen.\u00a0<\/li>\n\n\n\n<li><strong>Um gesetzliche Verpflichtungen zu erf\u00fcllen. <\/strong>Anonyme Daten werden gesammelt, um Verpflichtungen aus Gesetzen, Verordnungen oder internationalen Vertr\u00e4gen nachzukommen.<\/li>\n\n\n\n<li><strong>Interessen und Vorlieben<\/strong>. Daten \u00fcber Ihre Interessen und Vorlieben, z. B. welche K\u00fcnstler oder Musikstile Sie zu Konzerten bewegen, welche Arten von Ausstellungen und oder kulturellen Veranstaltungen Sie interessieren, in welche St\u00e4dte Sie zu bestimmten kulturellen Veranstaltungen reisen w\u00fcrden. <\/li>\n\n\n\n<li><strong>Daten \u00fcber den Konsum von Inhalten<\/strong>. Daten \u00fcber Multimedia-Inhalte (z. B. Fernsehen, Video, Musik, Audio, B\u00fccher, Anwendungen und Spiele), auf die Sie \u00fcber unsere Produkte zugreifen.&nbsp;<\/li>\n\n\n\n<li><strong>Recherchen und Bestellungen<\/strong>. Suchanfragen und Befehle, die Sie bei der Nutzung unserer Website verwenden.<\/li>\n\n\n\n<li><strong>Standortdaten<\/strong>. Daten, die genau oder ungenau sein k\u00f6nnen, \u00fcber den Standort Ihres Ger\u00e4ts. Beispielsweise ist es m\u00f6glich, Standortdaten aus der IP-Adresse eines Ger\u00e4ts oder aus Daten in Ihrem Kontoprofil zu sammeln, die weniger genau angeben, wo Sie sich befinden, wie etwa der Name einer Stadt oder eine Postleitzahl.&nbsp;<\/li>\n\n\n\n<li><strong>Werbung. <\/strong>https:\/\/kuiper-lisbonne.com verwendet die Daten, die durch Interaktionen mit Ihnen, durch einige unserer Produkte und auf den Websites Dritter erfasst werden, um Werbung f\u00fcr unsere Produkte und Dienstleistungen zu machen, unter anderem auf Websites Dritter. Gelegentlich verwenden wir m\u00f6glicherweise automatisierte Prozesse, um die Werbung relevanter zu machen.<\/li>\n\n\n\n<li><strong>Andere Daten<\/strong>. Andere Daten, die bereitgestellt werden, wenn Sie unsere Website nutzen, einschlie\u00dflich der Daten aus Google Analytics.&nbsp;<\/li>\n<\/ul>\n\n\n\n<p><\/p>\n\n\n\n<p><\/p>\n\n\n\n<p><\/p>","protected":false},"excerpt":{"rendered":"<p>Merci de visiter le site Internet www.kuiper-lisbonne.com et de prendre connaissance de sa politique de confidentialit\u00e9 (ci-apr\u00e8s la Politique).\u00a0 En naviguant sur notre site Internet, vous reconnaissez avoir lu et compris la pr\u00e9sente politique et consentez \u00e0 ce que vos donn\u00e9es et renseignements personnels soient trait\u00e9s en conformit\u00e9 avec cette derni\u00e8re, le cas \u00e9ch\u00e9ant. \u00a0 [&hellip;]<\/p>","protected":false},"author":4,"featured_media":0,"parent":0,"menu_order":0,"comment_status":"closed","ping_status":"closed","template":"","meta":{"_monsterinsights_skip_tracking":false,"_monsterinsights_sitenote_active":false,"_monsterinsights_sitenote_note":"","_monsterinsights_sitenote_category":0,"footnotes":""},"class_list":["post-2536","page","type-page","status-publish","hentry"],"yoast_head":"<!-- This site is optimized with the Yoast SEO plugin v21.2 - https:\/\/yoast.com\/wordpress\/plugins\/seo\/ -->\n<title>Politique de confidentialit\u00e9 - Kuiper<\/title>\n<meta name=\"robots\" content=\"index, follow, max-snippet:-1, max-image-preview:large, max-video-preview:-1\" \/>\n<link rel=\"canonical\" href=\"https:\/\/kuiper-lisbonne.com\/de\/politique-de-confidentialite-2\/\" \/>\n<meta property=\"og:locale\" content=\"de_DE\" \/>\n<meta property=\"og:type\" content=\"article\" \/>\n<meta property=\"og:title\" content=\"Politique de confidentialit\u00e9 - Kuiper\" \/>\n<meta property=\"og:description\" content=\"Merci de visiter le site Internet www.kuiper-lisbonne.com et de prendre connaissance de sa politique de confidentialit\u00e9 (ci-apr\u00e8s la Politique).\u00a0 En naviguant sur notre site Internet, vous reconnaissez avoir lu et compris la pr\u00e9sente politique et consentez \u00e0 ce que vos donn\u00e9es et renseignements personnels soient trait\u00e9s en conformit\u00e9 avec cette derni\u00e8re, le cas \u00e9ch\u00e9ant. \u00a0 [&hellip;]\" \/>\n<meta property=\"og:url\" content=\"https:\/\/kuiper-lisbonne.com\/de\/politique-de-confidentialite-2\/\" \/>\n<meta property=\"og:site_name\" content=\"Kuiper\" \/>\n<meta property=\"article:modified_time\" content=\"2023-08-13T10:49:53+00:00\" \/>\n<meta name=\"twitter:card\" content=\"summary_large_image\" \/>\n<meta name=\"twitter:label1\" content=\"Gesch\u00e4tzte Lesezeit\" \/>\n\t<meta name=\"twitter:data1\" content=\"4\u00a0Minuten\" \/>\n<script type=\"application\/ld+json\" class=\"yoast-schema-graph\">{\"@context\":\"https:\/\/schema.org\",\"@graph\":[{\"@type\":\"WebPage\",\"@id\":\"https:\/\/kuiper-lisbonne.com\/politique-de-confidentialite-2\/\",\"url\":\"https:\/\/kuiper-lisbonne.com\/politique-de-confidentialite-2\/\",\"name\":\"Politique de confidentialit\u00e9 - Kuiper\",\"isPartOf\":{\"@id\":\"https:\/\/kuiper-lisbonne.com\/es\/#website\"},\"datePublished\":\"2023-08-13T10:49:51+00:00\",\"dateModified\":\"2023-08-13T10:49:53+00:00\",\"breadcrumb\":{\"@id\":\"https:\/\/kuiper-lisbonne.com\/politique-de-confidentialite-2\/#breadcrumb\"},\"inLanguage\":\"de\",\"potentialAction\":[{\"@type\":\"ReadAction\",\"target\":[\"https:\/\/kuiper-lisbonne.com\/politique-de-confidentialite-2\/\"]}]},{\"@type\":\"BreadcrumbList\",\"@id\":\"https:\/\/kuiper-lisbonne.com\/politique-de-confidentialite-2\/#breadcrumb\",\"itemListElement\":[{\"@type\":\"ListItem\",\"position\":1,\"name\":\"Accueil\",\"item\":\"https:\/\/kuiper-lisbonne.com\/es\/\"},{\"@type\":\"ListItem\",\"position\":2,\"name\":\"Politique de confidentialit\u00e9\"}]},{\"@type\":\"WebSite\",\"@id\":\"https:\/\/kuiper-lisbonne.com\/es\/#website\",\"url\":\"https:\/\/kuiper-lisbonne.com\/es\/\",\"name\":\"Kuiper\",\"description\":\"le blog de Lisbonne\",\"potentialAction\":[{\"@type\":\"SearchAction\",\"target\":{\"@type\":\"EntryPoint\",\"urlTemplate\":\"https:\/\/kuiper-lisbonne.com\/es\/?s={search_term_string}\"},\"query-input\":\"required name=search_term_string\"}],\"inLanguage\":\"de\"}]}<\/script>\n<!-- \/ Yoast SEO plugin. -->","yoast_head_json":{"title":"Politique de confidentialit\u00e9 - Kuiper","robots":{"index":"index","follow":"follow","max-snippet":"max-snippet:-1","max-image-preview":"max-image-preview:large","max-video-preview":"max-video-preview:-1"},"canonical":"https:\/\/kuiper-lisbonne.com\/de\/politique-de-confidentialite-2\/","og_locale":"de_DE","og_type":"article","og_title":"Politique de confidentialit\u00e9 - Kuiper","og_description":"Merci de visiter le site Internet www.kuiper-lisbonne.com et de prendre connaissance de sa politique de confidentialit\u00e9 (ci-apr\u00e8s la Politique).\u00a0 En naviguant sur notre site Internet, vous reconnaissez avoir lu et compris la pr\u00e9sente politique et consentez \u00e0 ce que vos donn\u00e9es et renseignements personnels soient trait\u00e9s en conformit\u00e9 avec cette derni\u00e8re, le cas \u00e9ch\u00e9ant. \u00a0 [&hellip;]","og_url":"https:\/\/kuiper-lisbonne.com\/de\/politique-de-confidentialite-2\/","og_site_name":"Kuiper","article_modified_time":"2023-08-13T10:49:53+00:00","twitter_card":"summary_large_image","twitter_misc":{"Gesch\u00e4tzte Lesezeit":"4\u00a0Minuten"},"schema":{"@context":"https:\/\/schema.org","@graph":[{"@type":"WebPage","@id":"https:\/\/kuiper-lisbonne.com\/politique-de-confidentialite-2\/","url":"https:\/\/kuiper-lisbonne.com\/politique-de-confidentialite-2\/","name":"Politique de confidentialit\u00e9 - Kuiper","isPartOf":{"@id":"https:\/\/kuiper-lisbonne.com\/es\/#website"},"datePublished":"2023-08-13T10:49:51+00:00","dateModified":"2023-08-13T10:49:53+00:00","breadcrumb":{"@id":"https:\/\/kuiper-lisbonne.com\/politique-de-confidentialite-2\/#breadcrumb"},"inLanguage":"de","potentialAction":[{"@type":"ReadAction","target":["https:\/\/kuiper-lisbonne.com\/politique-de-confidentialite-2\/"]}]},{"@type":"BreadcrumbList","@id":"https:\/\/kuiper-lisbonne.com\/politique-de-confidentialite-2\/#breadcrumb","itemListElement":[{"@type":"ListItem","position":1,"name":"Accueil","item":"https:\/\/kuiper-lisbonne.com\/es\/"},{"@type":"ListItem","position":2,"name":"Politique de confidentialit\u00e9"}]},{"@type":"WebSite","@id":"https:\/\/kuiper-lisbonne.com\/es\/#website","url":"https:\/\/kuiper-lisbonne.com\/es\/","name":"Kuiper","description":"le blog de Lisbonne","potentialAction":[{"@type":"SearchAction","target":{"@type":"EntryPoint","urlTemplate":"https:\/\/kuiper-lisbonne.com\/es\/?s={search_term_string}"},"query-input":"required name=search_term_string"}],"inLanguage":"de"}]}},"_links":{"self":[{"href":"https:\/\/kuiper-lisbonne.com\/de\/wp-json\/wp\/v2\/pages\/2536","targetHints":{"allow":["GET"]}}],"collection":[{"href":"https:\/\/kuiper-lisbonne.com\/de\/wp-json\/wp\/v2\/pages"}],"about":[{"href":"https:\/\/kuiper-lisbonne.com\/de\/wp-json\/wp\/v2\/types\/page"}],"author":[{"embeddable":true,"href":"https:\/\/kuiper-lisbonne.com\/de\/wp-json\/wp\/v2\/users\/4"}],"replies":[{"embeddable":true,"href":"https:\/\/kuiper-lisbonne.com\/de\/wp-json\/wp\/v2\/comments?post=2536"}],"version-history":[{"count":1,"href":"https:\/\/kuiper-lisbonne.com\/de\/wp-json\/wp\/v2\/pages\/2536\/revisions"}],"predecessor-version":[{"id":2537,"href":"https:\/\/kuiper-lisbonne.com\/de\/wp-json\/wp\/v2\/pages\/2536\/revisions\/2537"}],"wp:attachment":[{"href":"https:\/\/kuiper-lisbonne.com\/de\/wp-json\/wp\/v2\/media?parent=2536"}],"curies":[{"name":"wp","href":"https:\/\/api.w.org\/{rel}","templated":true}]}}