{"id":2536,"date":"2023-08-13T12:49:51","date_gmt":"2023-08-13T10:49:51","guid":{"rendered":"https:\/\/kuiper-lisbonne.com\/?page_id=2536"},"modified":"2023-08-13T12:49:53","modified_gmt":"2023-08-13T10:49:53","slug":"politique-de-confidentialite-2","status":"publish","type":"page","link":"https:\/\/kuiper-lisbonne.com\/es\/politique-de-confidentialite-2\/","title":{"rendered":"Pol\u00edtica de privacidad"},"content":{"rendered":"<p><\/p>\n\n\n\n<p>Gracias por visitar el sitio web www.kuiper-lisbonne.com y leer su pol\u00edtica de privacidad (en adelante, la Pol\u00edtica).\u00a0<\/p>\n\n\n\n<p>Al navegar por nuestro sitio web, usted reconoce haber le\u00eddo y comprendido esta pol\u00edtica y consiente el tratamiento de sus datos e informaci\u00f3n personales de conformidad con la misma, en su caso. \u00a0<\/p>\n\n\n\n<ol class=\"wp-block-list\">\n<li><strong>Entrada en vigor&nbsp;<\/strong><\/li>\n<\/ol>\n\n\n\n<p>Esta pol\u00edtica se aplica a partir del 13\/08\/2023.\u00a0<\/p>\n\n\n\n<p>Esta Pol\u00edtica sustituye a la Pol\u00edtica de Privacidad de fecha 13\/08\/2023<\/p>\n\n\n\n<p>Preferimos obtener el consentimiento expreso, ya sea verbal, electr\u00f3nico o por escrito. Sin embargo, el consentimiento impl\u00edcito puede inferirse razonablemente de la acci\u00f3n o inacci\u00f3n de una persona. Por ejemplo, facilitar un nombre y una direcci\u00f3n para recibir una publicaci\u00f3n o un nombre y un n\u00famero de tel\u00e9fono para obtener respuesta a una pregunta se considera consentimiento impl\u00edcito para la recogida de informaci\u00f3n que contenga datos personales. Para determinar el tipo de consentimiento apropiado, tenemos en cuenta la sensibilidad de la informaci\u00f3n personal en cuesti\u00f3n, los fines para los que se recoge y las expectativas razonables de una persona en situaci\u00f3n similar.&nbsp;<\/p>\n\n\n\n<p>Si deseamos utilizar la informaci\u00f3n personal para un nuevo fin, describiremos el uso previsto y volveremos a solicitar el consentimiento.<\/p>\n\n\n\n<p>No siempre es posible, especialmente en el contexto de una solicitud gubernamental, obtener el consentimiento de la persona para recoger, utilizar o divulgar su informaci\u00f3n personal. Nos comprometemos a no divulgar nunca este tipo de informaci\u00f3n, salvo de conformidad con la presente Pol\u00edtica, a menos que la ley nos obligue a ello o nos lo permita.&nbsp;<\/p>\n\n\n\n<ol class=\"wp-block-list\">\n<li><strong>Objetivos de la recogida de datos <\/strong>&nbsp;<\/li>\n<\/ol>\n\n\n\n<p>La informaci\u00f3n recogida se ajusta a los fines y objetivos establecidos en la presente pol\u00edtica de privacidad. Su objetivo es simplemente conocer el n\u00famero de visitantes del sitio. <\/p>\n\n\n\n<p>Estas son algunas de las razones por las que recopilamos su informaci\u00f3n personal:<\/p>\n\n\n\n<ul class=\"wp-block-list\">\n<li><strong>Para comprender mejor a nuestro p\u00fablico y mejorar nuestros productos <\/strong>Los datos recogidos durante sus interacciones en nuestros art\u00edculos pueden utilizarse para averiguar cu\u00e1nto tiempo permanecen los visitantes en el blog y para averiguar de qu\u00e9 pa\u00edses y ciudades proceden los visitantes, as\u00ed como la edad media de los visitantes.\u00a0<\/li>\n\n\n\n<li><strong>Protegemos la privacidad de nuestros usuarios.<\/strong> En nuestro sitio, no le pedimos que nos facilite ninguna informaci\u00f3n personal, por lo que en ning\u00fan caso podemos recopilar sus datos personales.\u00a0<\/li>\n\n\n\n<li><strong>Para cumplir obligaciones legales. <\/strong>Los datos an\u00f3nimos se recogen para cumplir obligaciones derivadas de leyes, reglamentos o tratados internacionales.<\/li>\n\n\n\n<li><strong>Intereses y preferencias<\/strong>. Datos sobre sus intereses y preferencias, como los artistas o el estilo de m\u00fasica que le atraen en los conciertos, los tipos de exposiciones y actos culturales que le interesan y las ciudades a las que est\u00e1 dispuesto a viajar para asistir a determinados actos culturales. <\/li>\n\n\n\n<li><strong>Datos sobre el consumo de contenidos<\/strong>. Datos sobre contenidos multimedia (por ejemplo, televisi\u00f3n, v\u00eddeo, m\u00fasica, audio, libros, aplicaciones y juegos) a los que se accede a trav\u00e9s de nuestros productos.&nbsp;<\/li>\n\n\n\n<li><strong>B\u00fasquedas y pedidos<\/strong>. Consultas de b\u00fasqueda y comandos que utiliza al utilizar nuestro sitio web.<\/li>\n\n\n\n<li><strong>Datos de localizaci\u00f3n<\/strong>. Datos, que pueden ser precisos o no, sobre la ubicaci\u00f3n de su dispositivo. Por ejemplo, es posible recopilar datos de localizaci\u00f3n a partir de la direcci\u00f3n IP de un dispositivo o de datos del perfil de su cuenta que indiquen con menor precisi\u00f3n d\u00f3nde se encuentra, como el nombre de una ciudad o un c\u00f3digo postal.&nbsp;<\/li>\n\n\n\n<li><strong>Publicidad. <\/strong>https:\/\/kuiper-lisbonne.com utiliza los datos recogidos a trav\u00e9s de las interacciones con usted, algunos de nuestros productos y en sitios web de terceros para anunciar nuestros productos y servicios, incluso en sitios web de terceros. En ocasiones podemos utilizar procesos automatizados para que los anuncios sean m\u00e1s relevantes.<\/li>\n\n\n\n<li><strong>Otros datos<\/strong>. Otros datos facilitados cuando utiliza nuestro sitio web, en particular los datos de Google Analytics.&nbsp;<\/li>\n<\/ul>\n\n\n\n<p><\/p>\n\n\n\n<p><\/p>\n\n\n\n<p><\/p>","protected":false},"excerpt":{"rendered":"<p>Gracias por visitar el sitio web www.kuiper-lisbonne.com y leer su pol\u00edtica de privacidad (en adelante, la Pol\u00edtica).  Al navegar por nuestro sitio web, reconoce haber le\u00eddo y comprendido esta Pol\u00edtica y consiente el tratamiento de sus datos e informaci\u00f3n personales de conformidad con la misma, en su caso.   [...]<\/p>","protected":false},"author":4,"featured_media":0,"parent":0,"menu_order":0,"comment_status":"closed","ping_status":"closed","template":"","meta":{"_monsterinsights_skip_tracking":false,"_monsterinsights_sitenote_active":false,"_monsterinsights_sitenote_note":"","_monsterinsights_sitenote_category":0,"footnotes":""},"class_list":["post-2536","page","type-page","status-publish","hentry"],"yoast_head":"<!-- This site is optimized with the Yoast SEO plugin v21.2 - https:\/\/yoast.com\/wordpress\/plugins\/seo\/ -->\n<title>Politique de confidentialit\u00e9 - Kuiper<\/title>\n<meta name=\"robots\" content=\"index, follow, max-snippet:-1, max-image-preview:large, max-video-preview:-1\" \/>\n<link rel=\"canonical\" href=\"https:\/\/kuiper-lisbonne.com\/es\/politique-de-confidentialite-2\/\" \/>\n<meta property=\"og:locale\" content=\"es_ES\" \/>\n<meta property=\"og:type\" content=\"article\" \/>\n<meta property=\"og:title\" content=\"Politique de confidentialit\u00e9 - Kuiper\" \/>\n<meta property=\"og:description\" content=\"Merci de visiter le site Internet www.kuiper-lisbonne.com et de prendre connaissance de sa politique de confidentialit\u00e9 (ci-apr\u00e8s la Politique).\u00a0 En naviguant sur notre site Internet, vous reconnaissez avoir lu et compris la pr\u00e9sente politique et consentez \u00e0 ce que vos donn\u00e9es et renseignements personnels soient trait\u00e9s en conformit\u00e9 avec cette derni\u00e8re, le cas \u00e9ch\u00e9ant. \u00a0 [&hellip;]\" \/>\n<meta property=\"og:url\" content=\"https:\/\/kuiper-lisbonne.com\/es\/politique-de-confidentialite-2\/\" \/>\n<meta property=\"og:site_name\" content=\"Kuiper\" \/>\n<meta property=\"article:modified_time\" content=\"2023-08-13T10:49:53+00:00\" \/>\n<meta name=\"twitter:card\" content=\"summary_large_image\" \/>\n<meta name=\"twitter:label1\" content=\"Tiempo de lectura\" \/>\n\t<meta name=\"twitter:data1\" content=\"4 minutos\" \/>\n<script type=\"application\/ld+json\" class=\"yoast-schema-graph\">{\"@context\":\"https:\/\/schema.org\",\"@graph\":[{\"@type\":\"WebPage\",\"@id\":\"https:\/\/kuiper-lisbonne.com\/politique-de-confidentialite-2\/\",\"url\":\"https:\/\/kuiper-lisbonne.com\/politique-de-confidentialite-2\/\",\"name\":\"Politique de confidentialit\u00e9 - Kuiper\",\"isPartOf\":{\"@id\":\"https:\/\/kuiper-lisbonne.com\/es\/#website\"},\"datePublished\":\"2023-08-13T10:49:51+00:00\",\"dateModified\":\"2023-08-13T10:49:53+00:00\",\"breadcrumb\":{\"@id\":\"https:\/\/kuiper-lisbonne.com\/politique-de-confidentialite-2\/#breadcrumb\"},\"inLanguage\":\"es\",\"potentialAction\":[{\"@type\":\"ReadAction\",\"target\":[\"https:\/\/kuiper-lisbonne.com\/politique-de-confidentialite-2\/\"]}]},{\"@type\":\"BreadcrumbList\",\"@id\":\"https:\/\/kuiper-lisbonne.com\/politique-de-confidentialite-2\/#breadcrumb\",\"itemListElement\":[{\"@type\":\"ListItem\",\"position\":1,\"name\":\"Accueil\",\"item\":\"https:\/\/kuiper-lisbonne.com\/es\/\"},{\"@type\":\"ListItem\",\"position\":2,\"name\":\"Politique de confidentialit\u00e9\"}]},{\"@type\":\"WebSite\",\"@id\":\"https:\/\/kuiper-lisbonne.com\/es\/#website\",\"url\":\"https:\/\/kuiper-lisbonne.com\/es\/\",\"name\":\"Kuiper\",\"description\":\"le blog de Lisbonne\",\"potentialAction\":[{\"@type\":\"SearchAction\",\"target\":{\"@type\":\"EntryPoint\",\"urlTemplate\":\"https:\/\/kuiper-lisbonne.com\/es\/?s={search_term_string}\"},\"query-input\":\"required name=search_term_string\"}],\"inLanguage\":\"es\"}]}<\/script>\n<!-- \/ Yoast SEO plugin. -->","yoast_head_json":{"title":"Politique de confidentialit\u00e9 - Kuiper","robots":{"index":"index","follow":"follow","max-snippet":"max-snippet:-1","max-image-preview":"max-image-preview:large","max-video-preview":"max-video-preview:-1"},"canonical":"https:\/\/kuiper-lisbonne.com\/es\/politique-de-confidentialite-2\/","og_locale":"es_ES","og_type":"article","og_title":"Politique de confidentialit\u00e9 - Kuiper","og_description":"Merci de visiter le site Internet www.kuiper-lisbonne.com et de prendre connaissance de sa politique de confidentialit\u00e9 (ci-apr\u00e8s la Politique).\u00a0 En naviguant sur notre site Internet, vous reconnaissez avoir lu et compris la pr\u00e9sente politique et consentez \u00e0 ce que vos donn\u00e9es et renseignements personnels soient trait\u00e9s en conformit\u00e9 avec cette derni\u00e8re, le cas \u00e9ch\u00e9ant. \u00a0 [&hellip;]","og_url":"https:\/\/kuiper-lisbonne.com\/es\/politique-de-confidentialite-2\/","og_site_name":"Kuiper","article_modified_time":"2023-08-13T10:49:53+00:00","twitter_card":"summary_large_image","twitter_misc":{"Tiempo de lectura":"4 minutos"},"schema":{"@context":"https:\/\/schema.org","@graph":[{"@type":"WebPage","@id":"https:\/\/kuiper-lisbonne.com\/politique-de-confidentialite-2\/","url":"https:\/\/kuiper-lisbonne.com\/politique-de-confidentialite-2\/","name":"Politique de confidentialit\u00e9 - Kuiper","isPartOf":{"@id":"https:\/\/kuiper-lisbonne.com\/es\/#website"},"datePublished":"2023-08-13T10:49:51+00:00","dateModified":"2023-08-13T10:49:53+00:00","breadcrumb":{"@id":"https:\/\/kuiper-lisbonne.com\/politique-de-confidentialite-2\/#breadcrumb"},"inLanguage":"es","potentialAction":[{"@type":"ReadAction","target":["https:\/\/kuiper-lisbonne.com\/politique-de-confidentialite-2\/"]}]},{"@type":"BreadcrumbList","@id":"https:\/\/kuiper-lisbonne.com\/politique-de-confidentialite-2\/#breadcrumb","itemListElement":[{"@type":"ListItem","position":1,"name":"Accueil","item":"https:\/\/kuiper-lisbonne.com\/es\/"},{"@type":"ListItem","position":2,"name":"Politique de confidentialit\u00e9"}]},{"@type":"WebSite","@id":"https:\/\/kuiper-lisbonne.com\/es\/#website","url":"https:\/\/kuiper-lisbonne.com\/es\/","name":"Kuiper","description":"le blog de Lisbonne","potentialAction":[{"@type":"SearchAction","target":{"@type":"EntryPoint","urlTemplate":"https:\/\/kuiper-lisbonne.com\/es\/?s={search_term_string}"},"query-input":"required name=search_term_string"}],"inLanguage":"es"}]}},"_links":{"self":[{"href":"https:\/\/kuiper-lisbonne.com\/es\/wp-json\/wp\/v2\/pages\/2536","targetHints":{"allow":["GET"]}}],"collection":[{"href":"https:\/\/kuiper-lisbonne.com\/es\/wp-json\/wp\/v2\/pages"}],"about":[{"href":"https:\/\/kuiper-lisbonne.com\/es\/wp-json\/wp\/v2\/types\/page"}],"author":[{"embeddable":true,"href":"https:\/\/kuiper-lisbonne.com\/es\/wp-json\/wp\/v2\/users\/4"}],"replies":[{"embeddable":true,"href":"https:\/\/kuiper-lisbonne.com\/es\/wp-json\/wp\/v2\/comments?post=2536"}],"version-history":[{"count":1,"href":"https:\/\/kuiper-lisbonne.com\/es\/wp-json\/wp\/v2\/pages\/2536\/revisions"}],"predecessor-version":[{"id":2537,"href":"https:\/\/kuiper-lisbonne.com\/es\/wp-json\/wp\/v2\/pages\/2536\/revisions\/2537"}],"wp:attachment":[{"href":"https:\/\/kuiper-lisbonne.com\/es\/wp-json\/wp\/v2\/media?parent=2536"}],"curies":[{"name":"wp","href":"https:\/\/api.w.org\/{rel}","templated":true}]}}