{"id":2536,"date":"2023-08-13T12:49:51","date_gmt":"2023-08-13T10:49:51","guid":{"rendered":"https:\/\/kuiper-lisbonne.com\/?page_id=2536"},"modified":"2023-08-13T12:49:53","modified_gmt":"2023-08-13T10:49:53","slug":"politique-de-confidentialite-2","status":"publish","type":"page","link":"https:\/\/kuiper-lisbonne.com\/it\/politique-de-confidentialite-2\/","title":{"rendered":"Informativa sulla privacy"},"content":{"rendered":"<p><\/p>\n\n\n\n<p>Grazie per aver visitato il sito web www.kuiper-lisbonne.com e per aver letto la sua politica sulla privacy (di seguito la Politica).\u00a0<\/p>\n\n\n\n<p>Navigando sul nostro sito web, l'utente dichiara di aver letto e compreso la presente informativa e acconsente al trattamento dei propri dati e informazioni personali in conformit\u00e0 con la presente informativa, ove applicabile. \u00a0<\/p>\n\n\n\n<ol class=\"wp-block-list\">\n<li><strong>Entrata in vigore&nbsp;<\/strong><\/li>\n<\/ol>\n\n\n\n<p>Questa politica si applica a partire dal 13\/08\/2023.\u00a0<\/p>\n\n\n\n<p>La presente informativa sostituisce l'informativa sulla privacy del 13\/08\/2023.<\/p>\n\n\n\n<p>Preferiamo ottenere un consenso esplicito, sia esso verbale, elettronico o scritto. Tuttavia, il consenso implicito pu\u00f2 essere ragionevolmente dedotto dall'azione o dall'inazione di una persona. Ad esempio, fornire nome e indirizzo per ricevere una pubblicazione o nome e numero di telefono per ottenere una risposta a una domanda \u00e8 considerato un consenso implicito alla raccolta di informazioni contenenti dati personali. Nel determinare il tipo di consenso appropriato, teniamo conto della sensibilit\u00e0 delle informazioni personali in questione, degli scopi per cui vengono raccolte e delle ragionevoli aspettative di una persona che si trova in una situazione analoga.&nbsp;<\/p>\n\n\n\n<p>Se vogliamo utilizzare le informazioni personali per un nuovo scopo, descriveremo l'uso previsto e chiederemo nuovamente il consenso.<\/p>\n\n\n\n<p>Non \u00e8 sempre possibile, in particolare nel contesto di una richiesta governativa, ottenere il consenso dell'individuo per la raccolta, l'utilizzo o la divulgazione delle sue informazioni personali. Ci impegniamo a non divulgare mai questo tipo di informazioni, se non in conformit\u00e0 con la presente Politica, a meno che non ci venga richiesto o consentito dalla legge.&nbsp;<\/p>\n\n\n\n<ol class=\"wp-block-list\">\n<li><strong>Obiettivi della raccolta dati <\/strong>&nbsp;<\/li>\n<\/ol>\n\n\n\n<p>Le informazioni raccolte sono conformi agli scopi e agli obiettivi indicati nella presente informativa sulla privacy. L'obiettivo \u00e8 semplicemente quello di conoscere il numero di visitatori del sito. <\/p>\n\n\n\n<p>Ecco alcuni dei motivi per cui raccogliamo i vostri dati personali:<\/p>\n\n\n\n<ul class=\"wp-block-list\">\n<li><strong>Per comprendere meglio il nostro pubblico e migliorare i nostri prodotti <\/strong>I dati raccolti durante le vostre interazioni con i nostri articoli possono essere utilizzati per scoprire quanto tempo i visitatori rimangono sul blog e per scoprire da quali Paesi e citt\u00e0 provengono i visitatori, nonch\u00e9 l'et\u00e0 media dei visitatori.\u00a0<\/li>\n\n\n\n<li><strong>Proteggiamo la privacy dei nostri utenti.<\/strong> Sul nostro sito non vi chiediamo di fornire alcuna informazione personale, quindi in nessun caso possiamo raccogliere i vostri dati personali.\u00a0<\/li>\n\n\n\n<li><strong>Per soddisfare gli obblighi di legge. <\/strong>I dati anonimi vengono raccolti per adempiere agli obblighi derivanti da leggi, regolamenti o trattati internazionali.<\/li>\n\n\n\n<li><strong>Interessi e preferenze<\/strong>. Dati sui vostri interessi e preferenze, come ad esempio gli artisti o lo stile musicale che vi attraggono ai concerti, i tipi di mostre ed eventi culturali che vi interessano e le citt\u00e0 in cui siete disposti a viaggiare per assistere a determinati eventi culturali. <\/li>\n\n\n\n<li><strong>Dati sul consumo di contenuti<\/strong>. Dati sui contenuti multimediali (ad es. televisione, video, musica, audio, libri, applicazioni e giochi) a cui si accede tramite i nostri prodotti.&nbsp;<\/li>\n\n\n\n<li><strong>Ricerche e ordini<\/strong>. Query di ricerca e comandi utilizzati dall'utente durante l'utilizzo del nostro sito web.<\/li>\n\n\n\n<li><strong>Dati sulla posizione<\/strong>. Dati, che possono essere precisi o meno, sulla posizione del vostro dispositivo. Ad esempio, \u00e8 possibile raccogliere dati sulla posizione dall'indirizzo IP di un dispositivo o dai dati del profilo del vostro account che indicano con minore precisione la vostra posizione, come il nome di una citt\u00e0 o un codice postale.&nbsp;<\/li>\n\n\n\n<li><strong>Pubblicit\u00e0. <\/strong>https:\/\/kuiper-lisbonne.com utilizza i dati raccolti attraverso le interazioni con l'utente, alcuni dei nostri prodotti e su siti web di terzi per pubblicizzare i nostri prodotti e servizi, anche su siti web di terzi. A volte possiamo utilizzare processi automatizzati per rendere le pubblicit\u00e0 pi\u00f9 pertinenti.<\/li>\n\n\n\n<li><strong>Altri dati<\/strong>. Altri dati forniti durante l'utilizzo del nostro sito web, in particolare i dati di Google Analytics.&nbsp;<\/li>\n<\/ul>\n\n\n\n<p><\/p>\n\n\n\n<p><\/p>\n\n\n\n<p><\/p>","protected":false},"excerpt":{"rendered":"<p>Merci de visiter le site Internet www.kuiper-lisbonne.com et de prendre connaissance de sa politique de confidentialit\u00e9 (ci-apr\u00e8s la Politique).\u00a0 En naviguant sur notre site Internet, vous reconnaissez avoir lu et compris la pr\u00e9sente politique et consentez \u00e0 ce que vos donn\u00e9es et renseignements personnels soient trait\u00e9s en conformit\u00e9 avec cette derni\u00e8re, le cas \u00e9ch\u00e9ant. \u00a0 [&hellip;]<\/p>","protected":false},"author":4,"featured_media":0,"parent":0,"menu_order":0,"comment_status":"closed","ping_status":"closed","template":"","meta":{"_monsterinsights_skip_tracking":false,"_monsterinsights_sitenote_active":false,"_monsterinsights_sitenote_note":"","_monsterinsights_sitenote_category":0,"footnotes":""},"class_list":["post-2536","page","type-page","status-publish","hentry"],"yoast_head":"<!-- This site is optimized with the Yoast SEO plugin v21.2 - https:\/\/yoast.com\/wordpress\/plugins\/seo\/ -->\n<title>Politique de confidentialit\u00e9 - Kuiper<\/title>\n<meta name=\"robots\" content=\"index, follow, max-snippet:-1, max-image-preview:large, max-video-preview:-1\" \/>\n<link rel=\"canonical\" href=\"https:\/\/kuiper-lisbonne.com\/it\/politique-de-confidentialite-2\/\" \/>\n<meta property=\"og:locale\" content=\"it_IT\" \/>\n<meta property=\"og:type\" content=\"article\" \/>\n<meta property=\"og:title\" content=\"Politique de confidentialit\u00e9 - Kuiper\" \/>\n<meta property=\"og:description\" content=\"Merci de visiter le site Internet www.kuiper-lisbonne.com et de prendre connaissance de sa politique de confidentialit\u00e9 (ci-apr\u00e8s la Politique).\u00a0 En naviguant sur notre site Internet, vous reconnaissez avoir lu et compris la pr\u00e9sente politique et consentez \u00e0 ce que vos donn\u00e9es et renseignements personnels soient trait\u00e9s en conformit\u00e9 avec cette derni\u00e8re, le cas \u00e9ch\u00e9ant. \u00a0 [&hellip;]\" \/>\n<meta property=\"og:url\" content=\"https:\/\/kuiper-lisbonne.com\/it\/politique-de-confidentialite-2\/\" \/>\n<meta property=\"og:site_name\" content=\"Kuiper\" \/>\n<meta property=\"article:modified_time\" content=\"2023-08-13T10:49:53+00:00\" \/>\n<meta name=\"twitter:card\" content=\"summary_large_image\" \/>\n<meta name=\"twitter:label1\" content=\"Tempo di lettura stimato\" \/>\n\t<meta name=\"twitter:data1\" content=\"4 minuti\" \/>\n<script type=\"application\/ld+json\" class=\"yoast-schema-graph\">{\"@context\":\"https:\/\/schema.org\",\"@graph\":[{\"@type\":\"WebPage\",\"@id\":\"https:\/\/kuiper-lisbonne.com\/politique-de-confidentialite-2\/\",\"url\":\"https:\/\/kuiper-lisbonne.com\/politique-de-confidentialite-2\/\",\"name\":\"Politique de confidentialit\u00e9 - Kuiper\",\"isPartOf\":{\"@id\":\"https:\/\/kuiper-lisbonne.com\/es\/#website\"},\"datePublished\":\"2023-08-13T10:49:51+00:00\",\"dateModified\":\"2023-08-13T10:49:53+00:00\",\"breadcrumb\":{\"@id\":\"https:\/\/kuiper-lisbonne.com\/politique-de-confidentialite-2\/#breadcrumb\"},\"inLanguage\":\"it-IT\",\"potentialAction\":[{\"@type\":\"ReadAction\",\"target\":[\"https:\/\/kuiper-lisbonne.com\/politique-de-confidentialite-2\/\"]}]},{\"@type\":\"BreadcrumbList\",\"@id\":\"https:\/\/kuiper-lisbonne.com\/politique-de-confidentialite-2\/#breadcrumb\",\"itemListElement\":[{\"@type\":\"ListItem\",\"position\":1,\"name\":\"Accueil\",\"item\":\"https:\/\/kuiper-lisbonne.com\/es\/\"},{\"@type\":\"ListItem\",\"position\":2,\"name\":\"Politique de confidentialit\u00e9\"}]},{\"@type\":\"WebSite\",\"@id\":\"https:\/\/kuiper-lisbonne.com\/es\/#website\",\"url\":\"https:\/\/kuiper-lisbonne.com\/es\/\",\"name\":\"Kuiper\",\"description\":\"le blog de Lisbonne\",\"potentialAction\":[{\"@type\":\"SearchAction\",\"target\":{\"@type\":\"EntryPoint\",\"urlTemplate\":\"https:\/\/kuiper-lisbonne.com\/es\/?s={search_term_string}\"},\"query-input\":\"required name=search_term_string\"}],\"inLanguage\":\"it-IT\"}]}<\/script>\n<!-- \/ Yoast SEO plugin. -->","yoast_head_json":{"title":"Politique de confidentialit\u00e9 - Kuiper","robots":{"index":"index","follow":"follow","max-snippet":"max-snippet:-1","max-image-preview":"max-image-preview:large","max-video-preview":"max-video-preview:-1"},"canonical":"https:\/\/kuiper-lisbonne.com\/it\/politique-de-confidentialite-2\/","og_locale":"it_IT","og_type":"article","og_title":"Politique de confidentialit\u00e9 - Kuiper","og_description":"Merci de visiter le site Internet www.kuiper-lisbonne.com et de prendre connaissance de sa politique de confidentialit\u00e9 (ci-apr\u00e8s la Politique).\u00a0 En naviguant sur notre site Internet, vous reconnaissez avoir lu et compris la pr\u00e9sente politique et consentez \u00e0 ce que vos donn\u00e9es et renseignements personnels soient trait\u00e9s en conformit\u00e9 avec cette derni\u00e8re, le cas \u00e9ch\u00e9ant. \u00a0 [&hellip;]","og_url":"https:\/\/kuiper-lisbonne.com\/it\/politique-de-confidentialite-2\/","og_site_name":"Kuiper","article_modified_time":"2023-08-13T10:49:53+00:00","twitter_card":"summary_large_image","twitter_misc":{"Tempo di lettura stimato":"4 minuti"},"schema":{"@context":"https:\/\/schema.org","@graph":[{"@type":"WebPage","@id":"https:\/\/kuiper-lisbonne.com\/politique-de-confidentialite-2\/","url":"https:\/\/kuiper-lisbonne.com\/politique-de-confidentialite-2\/","name":"Politique de confidentialit\u00e9 - Kuiper","isPartOf":{"@id":"https:\/\/kuiper-lisbonne.com\/es\/#website"},"datePublished":"2023-08-13T10:49:51+00:00","dateModified":"2023-08-13T10:49:53+00:00","breadcrumb":{"@id":"https:\/\/kuiper-lisbonne.com\/politique-de-confidentialite-2\/#breadcrumb"},"inLanguage":"it-IT","potentialAction":[{"@type":"ReadAction","target":["https:\/\/kuiper-lisbonne.com\/politique-de-confidentialite-2\/"]}]},{"@type":"BreadcrumbList","@id":"https:\/\/kuiper-lisbonne.com\/politique-de-confidentialite-2\/#breadcrumb","itemListElement":[{"@type":"ListItem","position":1,"name":"Accueil","item":"https:\/\/kuiper-lisbonne.com\/es\/"},{"@type":"ListItem","position":2,"name":"Politique de confidentialit\u00e9"}]},{"@type":"WebSite","@id":"https:\/\/kuiper-lisbonne.com\/es\/#website","url":"https:\/\/kuiper-lisbonne.com\/es\/","name":"Kuiper","description":"le blog de Lisbonne","potentialAction":[{"@type":"SearchAction","target":{"@type":"EntryPoint","urlTemplate":"https:\/\/kuiper-lisbonne.com\/es\/?s={search_term_string}"},"query-input":"required name=search_term_string"}],"inLanguage":"it-IT"}]}},"_links":{"self":[{"href":"https:\/\/kuiper-lisbonne.com\/it\/wp-json\/wp\/v2\/pages\/2536","targetHints":{"allow":["GET"]}}],"collection":[{"href":"https:\/\/kuiper-lisbonne.com\/it\/wp-json\/wp\/v2\/pages"}],"about":[{"href":"https:\/\/kuiper-lisbonne.com\/it\/wp-json\/wp\/v2\/types\/page"}],"author":[{"embeddable":true,"href":"https:\/\/kuiper-lisbonne.com\/it\/wp-json\/wp\/v2\/users\/4"}],"replies":[{"embeddable":true,"href":"https:\/\/kuiper-lisbonne.com\/it\/wp-json\/wp\/v2\/comments?post=2536"}],"version-history":[{"count":1,"href":"https:\/\/kuiper-lisbonne.com\/it\/wp-json\/wp\/v2\/pages\/2536\/revisions"}],"predecessor-version":[{"id":2537,"href":"https:\/\/kuiper-lisbonne.com\/it\/wp-json\/wp\/v2\/pages\/2536\/revisions\/2537"}],"wp:attachment":[{"href":"https:\/\/kuiper-lisbonne.com\/it\/wp-json\/wp\/v2\/media?parent=2536"}],"curies":[{"name":"wp","href":"https:\/\/api.w.org\/{rel}","templated":true}]}}