{"id":2536,"date":"2023-08-13T12:49:51","date_gmt":"2023-08-13T10:49:51","guid":{"rendered":"https:\/\/kuiper-lisbonne.com\/?page_id=2536"},"modified":"2023-08-13T12:49:53","modified_gmt":"2023-08-13T10:49:53","slug":"politique-de-confidentialite-2","status":"publish","type":"page","link":"https:\/\/kuiper-lisbonne.com\/pt\/politique-de-confidentialite-2\/","title":{"rendered":"Pol\u00edtica de privacidade"},"content":{"rendered":"<p><\/p>\n\n\n\n<p>Obrigado por visitar o s\u00edtio Web www.kuiper-lisbonne.com e por ler a sua pol\u00edtica de privacidade (a seguir designada por \"Pol\u00edtica\").\u00a0<\/p>\n\n\n\n<p>Ao navegar no nosso s\u00edtio Web, o utilizador reconhece que leu e compreendeu esta pol\u00edtica e autoriza o tratamento dos seus dados e informa\u00e7\u00f5es pessoais em conformidade com esta pol\u00edtica, quando aplic\u00e1vel. \u00a0<\/p>\n\n\n\n<ol class=\"wp-block-list\">\n<li><strong>Entrada em vigor&nbsp;<\/strong><\/li>\n<\/ol>\n\n\n\n<p>Esta pol\u00edtica aplica-se a partir de 13\/08\/2023.\u00a0<\/p>\n\n\n\n<p>A presente pol\u00edtica substitui a Pol\u00edtica de Privacidade datada de 13\/08\/2023<\/p>\n\n\n\n<p>Preferimos obter o consentimento expresso, seja verbalmente, por via eletr\u00f3nica ou por escrito. No entanto, o consentimento impl\u00edcito pode ser razoavelmente inferido a partir da a\u00e7\u00e3o ou ina\u00e7\u00e3o de uma pessoa. Por exemplo, o fornecimento de um nome e endere\u00e7o para receber uma publica\u00e7\u00e3o ou de um nome e n\u00famero de telefone para obter uma resposta a uma pergunta \u00e9 considerado um consentimento impl\u00edcito para a recolha de informa\u00e7\u00f5es que contenham dados pessoais. Para determinar o tipo de consentimento adequado, temos em conta a sensibilidade das informa\u00e7\u00f5es pessoais em causa, os objectivos para os quais s\u00e3o recolhidas e as expectativas razo\u00e1veis de um indiv\u00edduo em situa\u00e7\u00e3o semelhante.&nbsp;<\/p>\n\n\n\n<p>Se pretendermos utilizar as informa\u00e7\u00f5es pessoais para uma nova finalidade, descreveremos a utiliza\u00e7\u00e3o pretendida e solicitaremos novamente o consentimento.<\/p>\n\n\n\n<p>Nem sempre \u00e9 poss\u00edvel, especialmente no contexto de um pedido governamental, obter o consentimento do indiv\u00edduo para recolher, utilizar ou divulgar as suas informa\u00e7\u00f5es pessoais. Comprometemo-nos a nunca divulgar este tipo de informa\u00e7\u00e3o, exceto de acordo com esta Pol\u00edtica, a n\u00e3o ser que sejamos obrigados ou autorizados a faz\u00ea-lo por lei.&nbsp;<\/p>\n\n\n\n<ol class=\"wp-block-list\">\n<li><strong>Objectivos da recolha de dados <\/strong>&nbsp;<\/li>\n<\/ol>\n\n\n\n<p>As informa\u00e7\u00f5es recolhidas est\u00e3o em conformidade com os fins e objectivos definidos na presente pol\u00edtica de privacidade. O seu objetivo \u00e9 simplesmente saber quantos visitantes <\/p>\n\n\n\n<p>Eis algumas das raz\u00f5es pelas quais recolhemos as suas informa\u00e7\u00f5es pessoais:<\/p>\n\n\n\n<ul class=\"wp-block-list\">\n<li><strong>Para compreender melhor o nosso p\u00fablico e melhorar os nossos produtos <\/strong>Os dados recolhidos durante as suas interac\u00e7\u00f5es com os nossos artigos podem ser utilizados para saber quanto tempo os visitantes permanecem no blogue e para saber de que pa\u00edses e cidades prov\u00eam os visitantes, bem como a idade m\u00e9dia dos visitantes.\u00a0<\/li>\n\n\n\n<li><strong>Protegemos a privacidade dos nossos utilizadores.<\/strong> No nosso s\u00edtio, n\u00e3o lhe pedimos que forne\u00e7a quaisquer informa\u00e7\u00f5es pessoais, pelo que n\u00e3o podemos, em circunst\u00e2ncia alguma, recolher os seus dados pessoais.\u00a0<\/li>\n\n\n\n<li><strong>Para cumprir obriga\u00e7\u00f5es legais. <\/strong>Os dados an\u00f3nimos s\u00e3o recolhidos para cumprir obriga\u00e7\u00f5es decorrentes de leis, regulamentos ou tratados internacionais.<\/li>\n\n\n\n<li><strong>Interesses e prefer\u00eancias<\/strong>. Dados sobre os seus interesses e prefer\u00eancias, tais como os artistas ou o estilo de m\u00fasica que o atrai para os concertos, os tipos de exposi\u00e7\u00f5es e eventos culturais que lhe interessam e as cidades para onde est\u00e1 disposto a viajar para assistir a determinados eventos culturais. <\/li>\n\n\n\n<li><strong>Dados sobre o consumo de conte\u00fados<\/strong>. Dados sobre conte\u00fados multim\u00e9dia (por exemplo, televis\u00e3o, v\u00eddeo, m\u00fasica, \u00e1udio, livros, aplica\u00e7\u00f5es e jogos) acedidos atrav\u00e9s dos nossos produtos.&nbsp;<\/li>\n\n\n\n<li><strong>Pesquisas e encomendas<\/strong>. Consultas de pesquisa e comandos que utiliza quando usa o nosso s\u00edtio Web.<\/li>\n\n\n\n<li><strong>Dados de localiza\u00e7\u00e3o<\/strong>. Dados, que podem ou n\u00e3o ser exactos, sobre a localiza\u00e7\u00e3o do seu dispositivo. Por exemplo, \u00e9 poss\u00edvel recolher dados de localiza\u00e7\u00e3o a partir do endere\u00e7o IP de um dispositivo ou de dados no perfil da sua conta que indiquem com menor precis\u00e3o onde se encontra, como o nome de uma cidade ou um c\u00f3digo postal.&nbsp;<\/li>\n\n\n\n<li><strong>Publicidade. <\/strong>O https:\/\/kuiper-lisbonne.com utiliza dados recolhidos atrav\u00e9s de interac\u00e7\u00f5es com o utilizador, alguns dos nossos produtos e em s\u00edtios Web de terceiros para publicitar os nossos produtos e servi\u00e7os, incluindo em s\u00edtios Web de terceiros. Por vezes, podemos utilizar processos automatizados para tornar os an\u00fancios mais relevantes.<\/li>\n\n\n\n<li><strong>Outros dados<\/strong>. Outros dados fornecidos quando utiliza o nosso s\u00edtio Web, em particular dados do Google Analytics.&nbsp;<\/li>\n<\/ul>\n\n\n\n<p><\/p>\n\n\n\n<p><\/p>\n\n\n\n<p><\/p>","protected":false},"excerpt":{"rendered":"<p>Merci de visiter le site Internet www.kuiper-lisbonne.com et de prendre connaissance de sa politique de confidentialit\u00e9 (ci-apr\u00e8s la Politique).\u00a0 En naviguant sur notre site Internet, vous reconnaissez avoir lu et compris la pr\u00e9sente politique et consentez \u00e0 ce que vos donn\u00e9es et renseignements personnels soient trait\u00e9s en conformit\u00e9 avec cette derni\u00e8re, le cas \u00e9ch\u00e9ant. \u00a0 [&hellip;]<\/p>","protected":false},"author":4,"featured_media":0,"parent":0,"menu_order":0,"comment_status":"closed","ping_status":"closed","template":"","meta":{"_monsterinsights_skip_tracking":false,"_monsterinsights_sitenote_active":false,"_monsterinsights_sitenote_note":"","_monsterinsights_sitenote_category":0,"footnotes":""},"class_list":["post-2536","page","type-page","status-publish","hentry"],"yoast_head":"<!-- This site is optimized with the Yoast SEO plugin v21.2 - https:\/\/yoast.com\/wordpress\/plugins\/seo\/ -->\n<title>Politique de confidentialit\u00e9 - Kuiper<\/title>\n<meta name=\"robots\" content=\"index, follow, max-snippet:-1, max-image-preview:large, max-video-preview:-1\" \/>\n<link rel=\"canonical\" href=\"https:\/\/kuiper-lisbonne.com\/pt\/politique-de-confidentialite-2\/\" \/>\n<meta property=\"og:locale\" content=\"pt_PT\" \/>\n<meta property=\"og:type\" content=\"article\" \/>\n<meta property=\"og:title\" content=\"Politique de confidentialit\u00e9 - Kuiper\" \/>\n<meta property=\"og:description\" content=\"Merci de visiter le site Internet www.kuiper-lisbonne.com et de prendre connaissance de sa politique de confidentialit\u00e9 (ci-apr\u00e8s la Politique).\u00a0 En naviguant sur notre site Internet, vous reconnaissez avoir lu et compris la pr\u00e9sente politique et consentez \u00e0 ce que vos donn\u00e9es et renseignements personnels soient trait\u00e9s en conformit\u00e9 avec cette derni\u00e8re, le cas \u00e9ch\u00e9ant. \u00a0 [&hellip;]\" \/>\n<meta property=\"og:url\" content=\"https:\/\/kuiper-lisbonne.com\/pt\/politique-de-confidentialite-2\/\" \/>\n<meta property=\"og:site_name\" content=\"Kuiper\" \/>\n<meta property=\"article:modified_time\" content=\"2023-08-13T10:49:53+00:00\" \/>\n<meta name=\"twitter:card\" content=\"summary_large_image\" \/>\n<meta name=\"twitter:label1\" content=\"Tempo estimado de leitura\" \/>\n\t<meta name=\"twitter:data1\" content=\"4 minutos\" \/>\n<script type=\"application\/ld+json\" class=\"yoast-schema-graph\">{\"@context\":\"https:\/\/schema.org\",\"@graph\":[{\"@type\":\"WebPage\",\"@id\":\"https:\/\/kuiper-lisbonne.com\/politique-de-confidentialite-2\/\",\"url\":\"https:\/\/kuiper-lisbonne.com\/politique-de-confidentialite-2\/\",\"name\":\"Politique de confidentialit\u00e9 - Kuiper\",\"isPartOf\":{\"@id\":\"https:\/\/kuiper-lisbonne.com\/es\/#website\"},\"datePublished\":\"2023-08-13T10:49:51+00:00\",\"dateModified\":\"2023-08-13T10:49:53+00:00\",\"breadcrumb\":{\"@id\":\"https:\/\/kuiper-lisbonne.com\/politique-de-confidentialite-2\/#breadcrumb\"},\"inLanguage\":\"pt-PT\",\"potentialAction\":[{\"@type\":\"ReadAction\",\"target\":[\"https:\/\/kuiper-lisbonne.com\/politique-de-confidentialite-2\/\"]}]},{\"@type\":\"BreadcrumbList\",\"@id\":\"https:\/\/kuiper-lisbonne.com\/politique-de-confidentialite-2\/#breadcrumb\",\"itemListElement\":[{\"@type\":\"ListItem\",\"position\":1,\"name\":\"Accueil\",\"item\":\"https:\/\/kuiper-lisbonne.com\/es\/\"},{\"@type\":\"ListItem\",\"position\":2,\"name\":\"Politique de confidentialit\u00e9\"}]},{\"@type\":\"WebSite\",\"@id\":\"https:\/\/kuiper-lisbonne.com\/es\/#website\",\"url\":\"https:\/\/kuiper-lisbonne.com\/es\/\",\"name\":\"Kuiper\",\"description\":\"le blog de Lisbonne\",\"potentialAction\":[{\"@type\":\"SearchAction\",\"target\":{\"@type\":\"EntryPoint\",\"urlTemplate\":\"https:\/\/kuiper-lisbonne.com\/es\/?s={search_term_string}\"},\"query-input\":\"required name=search_term_string\"}],\"inLanguage\":\"pt-PT\"}]}<\/script>\n<!-- \/ Yoast SEO plugin. -->","yoast_head_json":{"title":"Politique de confidentialit\u00e9 - Kuiper","robots":{"index":"index","follow":"follow","max-snippet":"max-snippet:-1","max-image-preview":"max-image-preview:large","max-video-preview":"max-video-preview:-1"},"canonical":"https:\/\/kuiper-lisbonne.com\/pt\/politique-de-confidentialite-2\/","og_locale":"pt_PT","og_type":"article","og_title":"Politique de confidentialit\u00e9 - Kuiper","og_description":"Merci de visiter le site Internet www.kuiper-lisbonne.com et de prendre connaissance de sa politique de confidentialit\u00e9 (ci-apr\u00e8s la Politique).\u00a0 En naviguant sur notre site Internet, vous reconnaissez avoir lu et compris la pr\u00e9sente politique et consentez \u00e0 ce que vos donn\u00e9es et renseignements personnels soient trait\u00e9s en conformit\u00e9 avec cette derni\u00e8re, le cas \u00e9ch\u00e9ant. \u00a0 [&hellip;]","og_url":"https:\/\/kuiper-lisbonne.com\/pt\/politique-de-confidentialite-2\/","og_site_name":"Kuiper","article_modified_time":"2023-08-13T10:49:53+00:00","twitter_card":"summary_large_image","twitter_misc":{"Tempo estimado de leitura":"4 minutos"},"schema":{"@context":"https:\/\/schema.org","@graph":[{"@type":"WebPage","@id":"https:\/\/kuiper-lisbonne.com\/politique-de-confidentialite-2\/","url":"https:\/\/kuiper-lisbonne.com\/politique-de-confidentialite-2\/","name":"Politique de confidentialit\u00e9 - Kuiper","isPartOf":{"@id":"https:\/\/kuiper-lisbonne.com\/es\/#website"},"datePublished":"2023-08-13T10:49:51+00:00","dateModified":"2023-08-13T10:49:53+00:00","breadcrumb":{"@id":"https:\/\/kuiper-lisbonne.com\/politique-de-confidentialite-2\/#breadcrumb"},"inLanguage":"pt-PT","potentialAction":[{"@type":"ReadAction","target":["https:\/\/kuiper-lisbonne.com\/politique-de-confidentialite-2\/"]}]},{"@type":"BreadcrumbList","@id":"https:\/\/kuiper-lisbonne.com\/politique-de-confidentialite-2\/#breadcrumb","itemListElement":[{"@type":"ListItem","position":1,"name":"Accueil","item":"https:\/\/kuiper-lisbonne.com\/es\/"},{"@type":"ListItem","position":2,"name":"Politique de confidentialit\u00e9"}]},{"@type":"WebSite","@id":"https:\/\/kuiper-lisbonne.com\/es\/#website","url":"https:\/\/kuiper-lisbonne.com\/es\/","name":"Kuiper","description":"le blog de Lisbonne","potentialAction":[{"@type":"SearchAction","target":{"@type":"EntryPoint","urlTemplate":"https:\/\/kuiper-lisbonne.com\/es\/?s={search_term_string}"},"query-input":"required name=search_term_string"}],"inLanguage":"pt-PT"}]}},"_links":{"self":[{"href":"https:\/\/kuiper-lisbonne.com\/pt\/wp-json\/wp\/v2\/pages\/2536","targetHints":{"allow":["GET"]}}],"collection":[{"href":"https:\/\/kuiper-lisbonne.com\/pt\/wp-json\/wp\/v2\/pages"}],"about":[{"href":"https:\/\/kuiper-lisbonne.com\/pt\/wp-json\/wp\/v2\/types\/page"}],"author":[{"embeddable":true,"href":"https:\/\/kuiper-lisbonne.com\/pt\/wp-json\/wp\/v2\/users\/4"}],"replies":[{"embeddable":true,"href":"https:\/\/kuiper-lisbonne.com\/pt\/wp-json\/wp\/v2\/comments?post=2536"}],"version-history":[{"count":1,"href":"https:\/\/kuiper-lisbonne.com\/pt\/wp-json\/wp\/v2\/pages\/2536\/revisions"}],"predecessor-version":[{"id":2537,"href":"https:\/\/kuiper-lisbonne.com\/pt\/wp-json\/wp\/v2\/pages\/2536\/revisions\/2537"}],"wp:attachment":[{"href":"https:\/\/kuiper-lisbonne.com\/pt\/wp-json\/wp\/v2\/media?parent=2536"}],"curies":[{"name":"wp","href":"https:\/\/api.w.org\/{rel}","templated":true}]}}