{"id":2536,"date":"2023-08-13T12:49:51","date_gmt":"2023-08-13T10:49:51","guid":{"rendered":"https:\/\/kuiper-lisbonne.com\/?page_id=2536"},"modified":"2023-08-13T12:49:53","modified_gmt":"2023-08-13T10:49:53","slug":"politique-de-confidentialite-2","status":"publish","type":"page","link":"https:\/\/kuiper-lisbonne.com\/zh\/politique-de-confidentialite-2\/","title":{"rendered":"\u9690\u79c1\u653f\u7b56"},"content":{"rendered":"<p><\/p>\n\n\n\n<p>\u611f\u8c22\u60a8\u8bbf\u95ee www.kuiper-lisbonne.com \u7f51\u7ad9\u5e76\u9605\u8bfb\u5176\u9690\u79c1\u653f\u7b56\uff08\u4ee5\u4e0b\u7b80\u79f0 \"\u653f\u7b56\"\uff09\u3002\u00a0<\/p>\n\n\n\n<p>\u901a\u8fc7\u6d4f\u89c8\u6211\u4eec\u7684\u7f51\u7ad9\uff0c\u60a8\u786e\u8ba4\u5df2\u9605\u8bfb\u5e76\u7406\u89e3\u672c\u653f\u7b56\uff0c\u5e76\u540c\u610f\u6839\u636e\u672c\u653f\u7b56\u5904\u7406\u60a8\u7684\u4e2a\u4eba\u6570\u636e\u548c\u4fe1\u606f\uff08\u5982\u9002\u7528\uff09\u3002 \u00a0<\/p>\n\n\n\n<ol class=\"wp-block-list\">\n<li><strong>\u751f\u6548&nbsp;<\/strong><\/li>\n<\/ol>\n\n\n\n<p>\u672c\u653f\u7b56\u81ea 2023 \u5e74 8 \u6708 13 \u65e5\u8d77\u9002\u7528\u3002\u00a0<\/p>\n\n\n\n<p>\u672c\u653f\u7b56\u53d6\u4ee3 2023 \u5e74 8 \u6708 13 \u65e5\u7684\u9690\u79c1\u653f\u7b56<\/p>\n\n\n\n<p>\u6211\u4eec\u503e\u5411\u4e8e\u4ee5\u53e3\u5934\u3001\u7535\u5b50\u6216\u4e66\u9762\u5f62\u5f0f\u83b7\u5f97\u660e\u793a\u540c\u610f\u3002\u4f46\u662f\uff0c\u53ef\u4ee5\u4ece\u4e2a\u4eba\u7684\u884c\u4e3a\u6216\u4e0d\u884c\u4e3a\u4e2d\u5408\u7406\u63a8\u65ad\u51fa\u9ed8\u793a\u540c\u610f\u3002\u4f8b\u5982\uff0c\u63d0\u4f9b\u59d3\u540d\u548c\u5730\u5740\u4ee5\u63a5\u6536\u51fa\u7248\u7269\uff0c\u6216\u63d0\u4f9b\u59d3\u540d\u548c\u7535\u8bdd\u53f7\u7801\u4ee5\u83b7\u53d6\u95ee\u9898\u7b54\u6848\uff0c\u5747\u88ab\u89c6\u4e3a\u9ed8\u793a\u540c\u610f\u6536\u96c6\u5305\u542b\u4e2a\u4eba\u4fe1\u606f\u7684\u4fe1\u606f\u3002\u5728\u786e\u5b9a\u540c\u610f\u7684\u9002\u5f53\u7c7b\u578b\u65f6\uff0c\u6211\u4eec\u4f1a\u8003\u8651\u6240\u6d89\u53ca\u7684\u4e2a\u4eba\u4fe1\u606f\u7684\u654f\u611f\u6027\u3001\u6536\u96c6\u4fe1\u606f\u7684\u76ee\u7684\u4ee5\u53ca\u60c5\u51b5\u7c7b\u4f3c\u7684\u4e2a\u4eba\u7684\u5408\u7406\u671f\u671b\u3002&nbsp;<\/p>\n\n\n\n<p>\u5982\u679c\u6211\u4eec\u60f3\u5c06\u4e2a\u4eba\u4fe1\u606f\u7528\u4e8e\u65b0\u7684\u76ee\u7684\uff0c\u6211\u4eec\u4f1a\u8bf4\u660e\u7528\u9014\u5e76\u518d\u6b21\u5f81\u6c42\u540c\u610f\u3002<\/p>\n\n\n\n<p>\u5728\u6536\u96c6\u3001\u4f7f\u7528\u6216\u62ab\u9732\u4e2a\u4eba\u8d44\u6599\u65f6\uff0c\u5e76\u975e\u603b\u80fd\u5f81\u5f97\u4e2a\u4eba\u540c\u610f\uff0c\u5c24\u5176\u662f\u5728\u653f\u5e9c\u8981\u6c42\u7684\u60c5\u51b5\u4e0b\u3002\u6211\u4eec\u627f\u8bfa\uff0c\u9664\u975e\u6cd5\u5f8b\u8981\u6c42\u6216\u5141\u8bb8\uff0c\u5426\u5219\u7edd\u4e0d\u4f1a\u62ab\u9732\u6b64\u7c7b\u4fe1\u606f\uff0c\u672c\u653f\u7b56\u89c4\u5b9a\u7684\u60c5\u51b5\u9664\u5916\u3002&nbsp;<\/p>\n\n\n\n<ol class=\"wp-block-list\">\n<li><strong>\u6570\u636e\u6536\u96c6\u76ee\u6807 <\/strong>&nbsp;<\/li>\n<\/ol>\n\n\n\n<p>\u6240\u6536\u96c6\u7684\u4fe1\u606f\u7b26\u5408\u672c\u9690\u79c1\u653f\u7b56\u89c4\u5b9a\u7684\u76ee\u7684\u548c\u76ee\u6807\u3002\u5176\u76ee\u7684\u4ec5\u4ec5\u662f\u4e86\u89e3\u7f51\u7ad9\u7684\u8bbf\u95ee\u4eba\u6570\u3002 <\/p>\n\n\n\n<p>\u4ee5\u4e0b\u662f\u6211\u4eec\u6536\u96c6\u60a8\u4e2a\u4eba\u4fe1\u606f\u7684\u90e8\u5206\u539f\u56e0\uff1a<\/p>\n\n\n\n<ul class=\"wp-block-list\">\n<li><strong>\u66f4\u597d\u5730\u4e86\u89e3\u53d7\u4f17\uff0c\u6539\u8fdb\u6211\u4eec\u7684\u4ea7\u54c1 <\/strong>\u5728\u60a8\u4e0e\u6211\u4eec\u6587\u7ae0\u4e92\u52a8\u8fc7\u7a0b\u4e2d\u6536\u96c6\u7684\u6570\u636e\u53ef\u7528\u4e8e\u4e86\u89e3\u8bbf\u5ba2\u5728\u535a\u5ba2\u4e0a\u7684\u505c\u7559\u65f6\u95f4\uff0c\u4e86\u89e3\u8bbf\u5ba2\u6765\u81ea\u54ea\u4e9b\u56fd\u5bb6\u548c\u57ce\u5e02\uff0c\u4ee5\u53ca\u8bbf\u5ba2\u7684\u5e73\u5747\u5e74\u9f84\u3002\u00a0<\/li>\n\n\n\n<li><strong>\u6211\u4eec\u4fdd\u62a4\u7528\u6237\u7684\u9690\u79c1\u3002<\/strong> \u5728\u6211\u4eec\u7684\u7f51\u7ad9\u4e0a\uff0c\u6211\u4eec\u4e0d\u4f1a\u8981\u6c42\u60a8\u63d0\u4f9b\u4efb\u4f55\u4e2a\u4eba\u4fe1\u606f\uff0c\u56e0\u6b64\u5728\u4efb\u4f55\u60c5\u51b5\u4e0b\u6211\u4eec\u90fd\u4e0d\u4f1a\u6536\u96c6\u60a8\u7684\u4e2a\u4eba\u6570\u636e\u3002\u00a0<\/li>\n\n\n\n<li><strong>\u5c65\u884c\u6cd5\u5f8b\u4e49\u52a1\u3002 <\/strong>\u6536\u96c6\u533f\u540d\u6570\u636e\u662f\u4e3a\u4e86\u5c65\u884c\u6cd5\u5f8b\u3001\u6cd5\u89c4\u6216\u56fd\u9645\u6761\u7ea6\u89c4\u5b9a\u7684\u4e49\u52a1\u3002<\/li>\n\n\n\n<li><strong>\u5174\u8da3\u548c\u559c\u597d<\/strong>.\u6709\u5173\u60a8\u7684\u5174\u8da3\u548c\u504f\u597d\u7684\u6570\u636e\uff0c\u4f8b\u5982\u97f3\u4e50\u4f1a\u5438\u5f15\u60a8\u7684\u827a\u672f\u5bb6\u6216\u97f3\u4e50\u98ce\u683c\u3001\u60a8\u611f\u5174\u8da3\u7684\u5c55\u89c8\u548c\u6587\u5316\u6d3b\u52a8\u7c7b\u578b\u4ee5\u53ca\u60a8\u51c6\u5907\u524d\u5f80\u54ea\u4e9b\u57ce\u5e02\u53c2\u52a0\u67d0\u4e9b\u6587\u5316\u6d3b\u52a8\u3002 <\/li>\n\n\n\n<li><strong>\u5185\u5bb9\u6d88\u8d39\u6570\u636e<\/strong>.\u901a\u8fc7\u6211\u4eec\u7684\u4ea7\u54c1\u8bbf\u95ee\u591a\u5a92\u4f53\u5185\u5bb9\uff08\u5982\u7535\u89c6\u3001\u89c6\u9891\u3001\u97f3\u4e50\u3001\u97f3\u9891\u3001\u4e66\u7c4d\u3001\u5e94\u7528\u7a0b\u5e8f\u548c\u6e38\u620f\uff09\u7684\u6570\u636e\u3002&nbsp;<\/li>\n\n\n\n<li><strong>\u641c\u7d22\u548c\u8ba2\u5355<\/strong>.\u60a8\u5728\u4f7f\u7528\u6211\u4eec\u7f51\u7ad9\u65f6\u4f7f\u7528\u7684\u641c\u7d22\u67e5\u8be2\u548c\u547d\u4ee4\u3002<\/li>\n\n\n\n<li><strong>\u4f4d\u7f6e\u6570\u636e<\/strong>.\u6709\u5173\u60a8\u8bbe\u5907\u4f4d\u7f6e\u7684\u6570\u636e\uff0c\u53ef\u80fd\u7cbe\u786e\uff0c\u4e5f\u53ef\u80fd\u4e0d\u7cbe\u786e\u3002\u4f8b\u5982\uff0c\u6709\u53ef\u80fd\u4ece\u8bbe\u5907\u7684 IP \u5730\u5740\u6216\u60a8\u7684\u8d26\u6237\u914d\u7f6e\u6587\u4ef6\u4e2d\u7684\u6570\u636e\uff08\u5982\u57ce\u9547\u540d\u79f0\u6216\u90ae\u7f16\uff09\u4e2d\u6536\u96c6\u4f4d\u7f6e\u6570\u636e\uff0c\u8fd9\u4e9b\u6570\u636e\u53ef\u8f83\u4e0d\u7cbe\u786e\u5730\u663e\u793a\u60a8\u6240\u5728\u7684\u4f4d\u7f6e\u3002&nbsp;<\/li>\n\n\n\n<li><strong>\u5e7f\u544a\u3002 <\/strong>https:\/\/kuiper-lisbonne.com \u4f7f\u7528\u901a\u8fc7\u4e0e\u60a8\u7684\u4e92\u52a8\u3001\u6211\u4eec\u7684\u67d0\u4e9b\u4ea7\u54c1\u4ee5\u53ca\u7b2c\u4e09\u65b9\u7f51\u7ad9\u4e0a\u6536\u96c6\u7684\u6570\u636e\u6765\u5ba3\u4f20\u6211\u4eec\u7684\u4ea7\u54c1\u548c\u670d\u52a1\uff0c\u5305\u62ec\u5728\u7b2c\u4e09\u65b9\u7f51\u7ad9\u4e0a\u3002\u6211\u4eec\u6709\u65f6\u4f1a\u4f7f\u7528\u81ea\u52a8\u5316\u7a0b\u5e8f\u4f7f\u5e7f\u544a\u66f4\u5177\u76f8\u5173\u6027\u3002<\/li>\n\n\n\n<li><strong>\u5176\u4ed6\u6570\u636e<\/strong>.\u60a8\u4f7f\u7528\u6211\u4eec\u7f51\u7ad9\u65f6\u63d0\u4f9b\u7684\u5176\u4ed6\u6570\u636e\uff0c\u7279\u522b\u662f\u6765\u81ea\u8c37\u6b4c\u5206\u6790\u7684\u6570\u636e\u3002&nbsp;<\/li>\n<\/ul>\n\n\n\n<p><\/p>\n\n\n\n<p><\/p>\n\n\n\n<p><\/p>","protected":false},"excerpt":{"rendered":"<p>Merci de visiter le site Internet www.kuiper-lisbonne.com et de prendre connaissance de sa politique de confidentialit\u00e9 (ci-apr\u00e8s la Politique).\u00a0 En naviguant sur notre site Internet, vous reconnaissez avoir lu et compris la pr\u00e9sente politique et consentez \u00e0 ce que vos donn\u00e9es et renseignements personnels soient trait\u00e9s en conformit\u00e9 avec cette derni\u00e8re, le cas \u00e9ch\u00e9ant. \u00a0 [&hellip;]<\/p>","protected":false},"author":4,"featured_media":0,"parent":0,"menu_order":0,"comment_status":"closed","ping_status":"closed","template":"","meta":{"_monsterinsights_skip_tracking":false,"_monsterinsights_sitenote_active":false,"_monsterinsights_sitenote_note":"","_monsterinsights_sitenote_category":0,"footnotes":""},"class_list":["post-2536","page","type-page","status-publish","hentry"],"yoast_head":"<!-- This site is optimized with the Yoast SEO plugin v21.2 - https:\/\/yoast.com\/wordpress\/plugins\/seo\/ -->\n<title>Politique de confidentialit\u00e9 - Kuiper<\/title>\n<meta name=\"robots\" content=\"index, follow, max-snippet:-1, max-image-preview:large, max-video-preview:-1\" \/>\n<link rel=\"canonical\" href=\"https:\/\/kuiper-lisbonne.com\/zh\/politique-de-confidentialite-2\/\" \/>\n<meta property=\"og:locale\" content=\"zh_CN\" \/>\n<meta property=\"og:type\" content=\"article\" \/>\n<meta property=\"og:title\" content=\"Politique de confidentialit\u00e9 - Kuiper\" \/>\n<meta property=\"og:description\" content=\"Merci de visiter le site Internet www.kuiper-lisbonne.com et de prendre connaissance de sa politique de confidentialit\u00e9 (ci-apr\u00e8s la Politique).\u00a0 En naviguant sur notre site Internet, vous reconnaissez avoir lu et compris la pr\u00e9sente politique et consentez \u00e0 ce que vos donn\u00e9es et renseignements personnels soient trait\u00e9s en conformit\u00e9 avec cette derni\u00e8re, le cas \u00e9ch\u00e9ant. \u00a0 [&hellip;]\" \/>\n<meta property=\"og:url\" content=\"https:\/\/kuiper-lisbonne.com\/zh\/politique-de-confidentialite-2\/\" \/>\n<meta property=\"og:site_name\" content=\"Kuiper\" \/>\n<meta property=\"article:modified_time\" content=\"2023-08-13T10:49:53+00:00\" \/>\n<meta name=\"twitter:card\" content=\"summary_large_image\" \/>\n<meta name=\"twitter:label1\" content=\"\u9884\u8ba1\u9605\u8bfb\u65f6\u95f4\" \/>\n\t<meta name=\"twitter:data1\" content=\"4 \u5206\" \/>\n<script type=\"application\/ld+json\" class=\"yoast-schema-graph\">{\"@context\":\"https:\/\/schema.org\",\"@graph\":[{\"@type\":\"WebPage\",\"@id\":\"https:\/\/kuiper-lisbonne.com\/politique-de-confidentialite-2\/\",\"url\":\"https:\/\/kuiper-lisbonne.com\/politique-de-confidentialite-2\/\",\"name\":\"Politique de confidentialit\u00e9 - Kuiper\",\"isPartOf\":{\"@id\":\"https:\/\/kuiper-lisbonne.com\/es\/#website\"},\"datePublished\":\"2023-08-13T10:49:51+00:00\",\"dateModified\":\"2023-08-13T10:49:53+00:00\",\"breadcrumb\":{\"@id\":\"https:\/\/kuiper-lisbonne.com\/politique-de-confidentialite-2\/#breadcrumb\"},\"inLanguage\":\"zh-Hans\",\"potentialAction\":[{\"@type\":\"ReadAction\",\"target\":[\"https:\/\/kuiper-lisbonne.com\/politique-de-confidentialite-2\/\"]}]},{\"@type\":\"BreadcrumbList\",\"@id\":\"https:\/\/kuiper-lisbonne.com\/politique-de-confidentialite-2\/#breadcrumb\",\"itemListElement\":[{\"@type\":\"ListItem\",\"position\":1,\"name\":\"Accueil\",\"item\":\"https:\/\/kuiper-lisbonne.com\/es\/\"},{\"@type\":\"ListItem\",\"position\":2,\"name\":\"Politique de confidentialit\u00e9\"}]},{\"@type\":\"WebSite\",\"@id\":\"https:\/\/kuiper-lisbonne.com\/es\/#website\",\"url\":\"https:\/\/kuiper-lisbonne.com\/es\/\",\"name\":\"Kuiper\",\"description\":\"le blog de Lisbonne\",\"potentialAction\":[{\"@type\":\"SearchAction\",\"target\":{\"@type\":\"EntryPoint\",\"urlTemplate\":\"https:\/\/kuiper-lisbonne.com\/es\/?s={search_term_string}\"},\"query-input\":\"required name=search_term_string\"}],\"inLanguage\":\"zh-Hans\"}]}<\/script>\n<!-- \/ Yoast SEO plugin. -->","yoast_head_json":{"title":"Politique de confidentialit\u00e9 - Kuiper","robots":{"index":"index","follow":"follow","max-snippet":"max-snippet:-1","max-image-preview":"max-image-preview:large","max-video-preview":"max-video-preview:-1"},"canonical":"https:\/\/kuiper-lisbonne.com\/zh\/politique-de-confidentialite-2\/","og_locale":"zh_CN","og_type":"article","og_title":"Politique de confidentialit\u00e9 - Kuiper","og_description":"Merci de visiter le site Internet www.kuiper-lisbonne.com et de prendre connaissance de sa politique de confidentialit\u00e9 (ci-apr\u00e8s la Politique).\u00a0 En naviguant sur notre site Internet, vous reconnaissez avoir lu et compris la pr\u00e9sente politique et consentez \u00e0 ce que vos donn\u00e9es et renseignements personnels soient trait\u00e9s en conformit\u00e9 avec cette derni\u00e8re, le cas \u00e9ch\u00e9ant. \u00a0 [&hellip;]","og_url":"https:\/\/kuiper-lisbonne.com\/zh\/politique-de-confidentialite-2\/","og_site_name":"Kuiper","article_modified_time":"2023-08-13T10:49:53+00:00","twitter_card":"summary_large_image","twitter_misc":{"\u9884\u8ba1\u9605\u8bfb\u65f6\u95f4":"4 \u5206"},"schema":{"@context":"https:\/\/schema.org","@graph":[{"@type":"WebPage","@id":"https:\/\/kuiper-lisbonne.com\/politique-de-confidentialite-2\/","url":"https:\/\/kuiper-lisbonne.com\/politique-de-confidentialite-2\/","name":"Politique de confidentialit\u00e9 - Kuiper","isPartOf":{"@id":"https:\/\/kuiper-lisbonne.com\/es\/#website"},"datePublished":"2023-08-13T10:49:51+00:00","dateModified":"2023-08-13T10:49:53+00:00","breadcrumb":{"@id":"https:\/\/kuiper-lisbonne.com\/politique-de-confidentialite-2\/#breadcrumb"},"inLanguage":"zh-Hans","potentialAction":[{"@type":"ReadAction","target":["https:\/\/kuiper-lisbonne.com\/politique-de-confidentialite-2\/"]}]},{"@type":"BreadcrumbList","@id":"https:\/\/kuiper-lisbonne.com\/politique-de-confidentialite-2\/#breadcrumb","itemListElement":[{"@type":"ListItem","position":1,"name":"Accueil","item":"https:\/\/kuiper-lisbonne.com\/es\/"},{"@type":"ListItem","position":2,"name":"Politique de confidentialit\u00e9"}]},{"@type":"WebSite","@id":"https:\/\/kuiper-lisbonne.com\/es\/#website","url":"https:\/\/kuiper-lisbonne.com\/es\/","name":"Kuiper","description":"le blog de Lisbonne","potentialAction":[{"@type":"SearchAction","target":{"@type":"EntryPoint","urlTemplate":"https:\/\/kuiper-lisbonne.com\/es\/?s={search_term_string}"},"query-input":"required name=search_term_string"}],"inLanguage":"zh-Hans"}]}},"_links":{"self":[{"href":"https:\/\/kuiper-lisbonne.com\/zh\/wp-json\/wp\/v2\/pages\/2536","targetHints":{"allow":["GET"]}}],"collection":[{"href":"https:\/\/kuiper-lisbonne.com\/zh\/wp-json\/wp\/v2\/pages"}],"about":[{"href":"https:\/\/kuiper-lisbonne.com\/zh\/wp-json\/wp\/v2\/types\/page"}],"author":[{"embeddable":true,"href":"https:\/\/kuiper-lisbonne.com\/zh\/wp-json\/wp\/v2\/users\/4"}],"replies":[{"embeddable":true,"href":"https:\/\/kuiper-lisbonne.com\/zh\/wp-json\/wp\/v2\/comments?post=2536"}],"version-history":[{"count":1,"href":"https:\/\/kuiper-lisbonne.com\/zh\/wp-json\/wp\/v2\/pages\/2536\/revisions"}],"predecessor-version":[{"id":2537,"href":"https:\/\/kuiper-lisbonne.com\/zh\/wp-json\/wp\/v2\/pages\/2536\/revisions\/2537"}],"wp:attachment":[{"href":"https:\/\/kuiper-lisbonne.com\/zh\/wp-json\/wp\/v2\/media?parent=2536"}],"curies":[{"name":"wp","href":"https:\/\/api.w.org\/{rel}","templated":true}]}}